{"id":13,"date":"2023-10-20T06:33:03","date_gmt":"2023-10-20T06:33:03","guid":{"rendered":"https:\/\/www.taus-automaten.de\/?page_id=13"},"modified":"2023-10-26T08:03:32","modified_gmt":"2023-10-26T08:03:32","slug":"willkommen","status":"publish","type":"page","link":"https:\/\/www.taus-automaten.de\/","title":{"rendered":"Willkommen"},"content":{"rendered":"\t\t<div data-elementor-type=\"wp-page\" data-elementor-id=\"13\" class=\"elementor elementor-13\">\n\t\t\t\t<div class=\"elementor-element elementor-element-236de15d e-flex e-con-boxed e-con e-parent\" data-id=\"236de15d\" data-element_type=\"container\" data-e-type=\"container\" data-settings=\"{&quot;background_background&quot;:&quot;classic&quot;}\">\n\t\t\t\t\t<div class=\"e-con-inner\">\n\t\t\t\t<div class=\"elementor-element elementor-element-5d997ff7 elementor-widget elementor-widget-text-editor\" data-id=\"5d997ff7\" data-element_type=\"widget\" data-e-type=\"widget\" data-widget_type=\"text-editor.default\">\n\t\t\t\t<div class=\"elementor-widget-container\">\n\t\t\t\t\t\t\t\t\t\n<p><strong>Herzlich Willkommen auf der Homepage von Taus-Automaten Gladenbach (Hessen)<\/strong><\/p>\n\t\t\t\t\t\t\t\t<\/div>\n\t\t\t\t<\/div>\n\t\t\t\t\t<\/div>\n\t\t\t\t<\/div>\n\t\t<div class=\"elementor-element elementor-element-c9f2999 e-flex e-con-boxed e-con e-parent\" data-id=\"c9f2999\" data-element_type=\"container\" data-e-type=\"container\">\n\t\t\t\t\t<div class=\"e-con-inner\">\n\t\t\t\t<div class=\"elementor-element elementor-element-05194e6 elementor-widget elementor-widget-text-editor\" data-id=\"05194e6\" data-element_type=\"widget\" data-e-type=\"widget\" data-widget_type=\"text-editor.default\">\n\t\t\t\t<div class=\"elementor-widget-container\">\n\t\t\t\t\t\t\t\t\t<p><code><\/code><\/p>\n<p>Wir f\u00fchren unser Familien-Unternehmen schon in der dritten Generation (seit \u00fcber 50 Jahren).<\/p>\n<p>Unser Kerngesch\u00e4ft bildet die Aufstellung von Geldspielger\u00e4ten, Unterhaltungs- und Sportautomaten (Dart, Tischfu\u00dfball, etc.).<\/p>\t\t\t\t\t\t\t\t<\/div>\n\t\t\t\t<\/div>\n\t\t\t\t\t<\/div>\n\t\t\t\t<\/div>\n\t\t<div class=\"elementor-element elementor-element-da49069 e-flex e-con-boxed e-con e-parent\" data-id=\"da49069\" data-element_type=\"container\" data-e-type=\"container\">\n\t\t\t\t\t<div class=\"e-con-inner\">\n\t\t<div class=\"elementor-element elementor-element-3bff2cb e-con-full e-flex e-con e-child\" data-id=\"3bff2cb\" data-element_type=\"container\" data-e-type=\"container\">\n\t\t\t\t<div class=\"elementor-element elementor-element-4080eef elementor-widget elementor-widget-image\" data-id=\"4080eef\" data-element_type=\"widget\" data-e-type=\"widget\" data-widget_type=\"image.default\">\n\t\t\t\t<div class=\"elementor-widget-container\">\n\t\t\t\t\t\t\t\t\t\t\t\t\t\t\t<img fetchpriority=\"high\" decoding=\"async\" width=\"153\" height=\"480\" src=\"https:\/\/www.taus-automaten.de\/wp-content\/uploads\/2023\/10\/153426b36e6.png\" class=\"attachment-large size-large wp-image-32\" alt=\"\" srcset=\"https:\/\/www.taus-automaten.de\/wp-content\/uploads\/2023\/10\/153426b36e6.png 153w, https:\/\/www.taus-automaten.de\/wp-content\/uploads\/2023\/10\/153426b36e6-96x300.png 96w\" sizes=\"(max-width: 153px) 100vw, 153px\" \/>\t\t\t\t\t\t\t\t\t\t\t\t\t\t\t<\/div>\n\t\t\t\t<\/div>\n\t\t\t\t<\/div>\n\t\t<div class=\"elementor-element elementor-element-9def96f e-con-full e-flex e-con e-child\" data-id=\"9def96f\" data-element_type=\"container\" data-e-type=\"container\">\n\t\t<div class=\"elementor-element elementor-element-9026006 e-flex e-con-boxed e-con e-child\" data-id=\"9026006\" data-element_type=\"container\" data-e-type=\"container\">\n\t\t\t\t\t<div class=\"e-con-inner\">\n\t\t\t\t<div class=\"elementor-element elementor-element-a0acf2d elementor-widget elementor-widget-text-editor\" data-id=\"a0acf2d\" data-element_type=\"widget\" data-e-type=\"widget\" data-widget_type=\"text-editor.default\">\n\t\t\t\t<div class=\"elementor-widget-container\">\n\t\t\t\t\t\t\t\t\t<h1>Aufstellung Dartautomaten<\/h1>\t\t\t\t\t\t\t\t<\/div>\n\t\t\t\t<\/div>\n\t\t\t\t\t<\/div>\n\t\t\t\t<\/div>\n\t\t<div class=\"elementor-element elementor-element-26d8e05 e-flex e-con-boxed e-con e-child\" data-id=\"26d8e05\" data-element_type=\"container\" data-e-type=\"container\">\n\t\t\t\t\t<div class=\"e-con-inner\">\n\t\t\t\t<div class=\"elementor-element elementor-element-384eacd elementor-widget elementor-widget-text-editor\" data-id=\"384eacd\" data-element_type=\"widget\" data-e-type=\"widget\" data-widget_type=\"text-editor.default\">\n\t\t\t\t<div class=\"elementor-widget-container\">\n\t\t\t\t\t\t\t\t\t<p>Topaktuell auch bei Dartger\u00e4ten.<\/p>\n<p>An unseren Automaten ist es m\u00f6glich in verschiedenen Dart-Ligen mitzuspielen.<\/p>\n<p>DSAB, Radical-Dart, uvm.\u00a0<\/p>\t\t\t\t\t\t\t\t<\/div>\n\t\t\t\t<\/div>\n\t\t\t\t\t<\/div>\n\t\t\t\t<\/div>\n\t\t\t\t<\/div>\n\t\t\t\t\t<\/div>\n\t\t\t\t<\/div>\n\t\t<div class=\"elementor-element elementor-element-361807a e-flex e-con-boxed e-con e-parent\" data-id=\"361807a\" data-element_type=\"container\" data-e-type=\"container\">\n\t\t\t\t\t<div class=\"e-con-inner\">\n\t\t<div class=\"elementor-element elementor-element-2582996 e-con-full e-flex e-con e-child\" data-id=\"2582996\" data-element_type=\"container\" data-e-type=\"container\">\n\t\t\t\t<div class=\"elementor-element elementor-element-f966cda elementor-widget elementor-widget-image\" data-id=\"f966cda\" data-element_type=\"widget\" data-e-type=\"widget\" data-widget_type=\"image.default\">\n\t\t\t\t<div class=\"elementor-widget-container\">\n\t\t\t\t\t\t\t\t\t\t\t\t\t\t\t<img decoding=\"async\" width=\"240\" height=\"400\" src=\"https:\/\/www.taus-automaten.de\/wp-content\/uploads\/2023\/10\/1534266cdab.jpg\" class=\"attachment-large size-large wp-image-36\" alt=\"\" srcset=\"https:\/\/www.taus-automaten.de\/wp-content\/uploads\/2023\/10\/1534266cdab.jpg 240w, https:\/\/www.taus-automaten.de\/wp-content\/uploads\/2023\/10\/1534266cdab-180x300.jpg 180w\" sizes=\"(max-width: 240px) 100vw, 240px\" \/>\t\t\t\t\t\t\t\t\t\t\t\t\t\t\t<\/div>\n\t\t\t\t<\/div>\n\t\t\t\t<\/div>\n\t\t<div class=\"elementor-element elementor-element-0bf1730 e-con-full e-flex e-con e-child\" data-id=\"0bf1730\" data-element_type=\"container\" data-e-type=\"container\">\n\t\t<div class=\"elementor-element elementor-element-41c94fd e-flex e-con-boxed e-con e-child\" data-id=\"41c94fd\" data-element_type=\"container\" data-e-type=\"container\">\n\t\t\t\t\t<div class=\"e-con-inner\">\n\t\t\t\t<div class=\"elementor-element elementor-element-3ff30a3 elementor-widget elementor-widget-text-editor\" data-id=\"3ff30a3\" data-element_type=\"widget\" data-e-type=\"widget\" data-widget_type=\"text-editor.default\">\n\t\t\t\t<div class=\"elementor-widget-container\">\n\t\t\t\t\t\t\t\t\t<h1>Aufstellung Automaten mit Gewinnm\u00f6glichkeiten<\/h1>\t\t\t\t\t\t\t\t<\/div>\n\t\t\t\t<\/div>\n\t\t\t\t\t<\/div>\n\t\t\t\t<\/div>\n\t\t<div class=\"elementor-element elementor-element-b830b9e e-flex e-con-boxed e-con e-child\" data-id=\"b830b9e\" data-element_type=\"container\" data-e-type=\"container\">\n\t\t\t\t\t<div class=\"e-con-inner\">\n\t\t\t\t<div class=\"elementor-element elementor-element-766baf0 elementor-widget elementor-widget-text-editor\" data-id=\"766baf0\" data-element_type=\"widget\" data-e-type=\"widget\" data-widget_type=\"text-editor.default\">\n\t\t\t\t<div class=\"elementor-widget-container\">\n\t\t\t\t\t\t\t\t\t<p>Immer die aktuellsten und besten Geldspielger\u00e4te.\u00a0<\/p>\t\t\t\t\t\t\t\t<\/div>\n\t\t\t\t<\/div>\n\t\t\t\t\t<\/div>\n\t\t\t\t<\/div>\n\t\t\t\t<\/div>\n\t\t\t\t\t<\/div>\n\t\t\t\t<\/div>\n\t\t<div class=\"elementor-element elementor-element-89bb022 e-flex e-con-boxed e-con e-parent\" data-id=\"89bb022\" data-element_type=\"container\" data-e-type=\"container\">\n\t\t\t\t\t<div class=\"e-con-inner\">\n\t\t\t\t<div class=\"elementor-element elementor-element-dbee4e3 elementor-widget elementor-widget-text-editor\" data-id=\"dbee4e3\" data-element_type=\"widget\" data-e-type=\"widget\" data-widget_type=\"text-editor.default\">\n\t\t\t\t<div class=\"elementor-widget-container\">\n\t\t\t\t\t\t\t\t\t<h4 style=\"text-align: center;\">Wir begr\u00fc\u00dfen sie auch gerne in einer unsere zahlreichen Spielhallen !<\/h4>\t\t\t\t\t\t\t\t<\/div>\n\t\t\t\t<\/div>\n\t\t\t\t<div class=\"elementor-element elementor-element-25e1cb0 elementor-widget elementor-widget-image\" data-id=\"25e1cb0\" data-element_type=\"widget\" data-e-type=\"widget\" data-widget_type=\"image.default\">\n\t\t\t\t<div class=\"elementor-widget-container\">\n\t\t\t\t\t\t\t\t\t\t\t\t\t\t\t<img decoding=\"async\" width=\"300\" height=\"235\" src=\"https:\/\/www.taus-automaten.de\/wp-content\/uploads\/2023\/10\/153427c6cdf-300x235.jpg\" class=\"attachment-medium size-medium wp-image-62\" alt=\"\" srcset=\"https:\/\/www.taus-automaten.de\/wp-content\/uploads\/2023\/10\/153427c6cdf-300x235.jpg 300w, https:\/\/www.taus-automaten.de\/wp-content\/uploads\/2023\/10\/153427c6cdf-1024x800.jpg 1024w, https:\/\/www.taus-automaten.de\/wp-content\/uploads\/2023\/10\/153427c6cdf-768x600.jpg 768w, https:\/\/www.taus-automaten.de\/wp-content\/uploads\/2023\/10\/153427c6cdf.jpg 1200w\" sizes=\"(max-width: 300px) 100vw, 300px\" \/>\t\t\t\t\t\t\t\t\t\t\t\t\t\t\t<\/div>\n\t\t\t\t<\/div>\n\t\t\t\t\t<\/div>\n\t\t\t\t<\/div>\n\t\t<div class=\"elementor-element elementor-element-7f9daa0 e-flex e-con-boxed e-con e-parent\" data-id=\"7f9daa0\" data-element_type=\"container\" data-e-type=\"container\">\n\t\t\t\t\t<div class=\"e-con-inner\">\n\t\t\t\t<div class=\"elementor-element elementor-element-fae192c elementor-widget elementor-widget-text-editor\" data-id=\"fae192c\" data-element_type=\"widget\" data-e-type=\"widget\" data-widget_type=\"text-editor.default\">\n\t\t\t\t<div class=\"elementor-widget-container\">\n\t\t\t\t\t\t\t\t\t<p>Um unsere Website f\u00fcr Sie optimal zu gestalten und fortlaufend verbessern k\u00f6nnen, verwenden wir Cookies. Durch die Nutzung der Website stimmen der Verwendung von Cookies zu. Weitere Informationen erhalten sie in unserer\u00a0<a href=\"https:\/\/www.taus-automaten.de\/?page_id=6\">Datenschutzerkl\u00e4rung.\u00a0<\/a><\/p>\t\t\t\t\t\t\t\t<\/div>\n\t\t\t\t<\/div>\n\t\t\t\t\t<\/div>\n\t\t\t\t<\/div>\n\t\t<div class=\"elementor-element elementor-element-7f3e302 e-flex e-con-boxed e-con e-parent\" data-id=\"7f3e302\" data-element_type=\"container\" data-e-type=\"container\">\n\t\t\t\t\t<div class=\"e-con-inner\">\n\t\t\t\t\t<\/div>\n\t\t\t\t<\/div>\n\t\t\t\t<\/div>\n\t\t","protected":false},"excerpt":{"rendered":"<p>Wir f\u00fchren unser Familien-Unternehmen schon in der dritten Generation (seit \u00fcber 50 Jahren). Unser Kerngesch\u00e4ft bildet die Aufstellung von Geldspielger\u00e4ten, Unterhaltungs- und Sportautomaten (Dart, Tischfu\u00dfball, etc.). Aufstellung Dartautomaten Topaktuell auch bei Dartger\u00e4ten. An unseren Automaten ist es m\u00f6glich in verschiedenen Dart-Ligen mitzuspielen. DSAB, Radical-Dart, uvm.\u00a0 Aufstellung Automaten mit Gewinnm\u00f6glichkeiten Immer die aktuellsten und besten Geldspielger\u00e4te.\u00a0 [&hellip;]<\/p>\n","protected":false},"author":1,"featured_media":0,"parent":0,"menu_order":0,"comment_status":"closed","ping_status":"closed","template":"","meta":{"ocean_post_layout":"","ocean_both_sidebars_style":"","ocean_both_sidebars_content_width":0,"ocean_both_sidebars_sidebars_width":0,"ocean_sidebar":"","ocean_second_sidebar":"","ocean_disable_margins":"enable","ocean_add_body_class":"","ocean_shortcode_before_top_bar":"","ocean_shortcode_after_top_bar":"","ocean_shortcode_before_header":"","ocean_shortcode_after_header":"","ocean_has_shortcode":"","ocean_shortcode_after_title":"","ocean_shortcode_before_footer_widgets":"","ocean_shortcode_after_footer_widgets":"","ocean_shortcode_before_footer_bottom":"","ocean_shortcode_after_footer_bottom":"","ocean_display_top_bar":"default","ocean_display_header":"default","ocean_header_style":"","ocean_center_header_left_menu":"","ocean_custom_header_template":"","ocean_custom_logo":0,"ocean_custom_retina_logo":0,"ocean_custom_logo_max_width":0,"ocean_custom_logo_tablet_max_width":0,"ocean_custom_logo_mobile_max_width":0,"ocean_custom_logo_max_height":0,"ocean_custom_logo_tablet_max_height":0,"ocean_custom_logo_mobile_max_height":0,"ocean_header_custom_menu":"","ocean_menu_typo_font_family":"","ocean_menu_typo_font_subset":"","ocean_menu_typo_font_size":0,"ocean_menu_typo_font_size_tablet":0,"ocean_menu_typo_font_size_mobile":0,"ocean_menu_typo_font_size_unit":"px","ocean_menu_typo_font_weight":"","ocean_menu_typo_font_weight_tablet":"","ocean_menu_typo_font_weight_mobile":"","ocean_menu_typo_transform":"","ocean_menu_typo_transform_tablet":"","ocean_menu_typo_transform_mobile":"","ocean_menu_typo_line_height":0,"ocean_menu_typo_line_height_tablet":0,"ocean_menu_typo_line_height_mobile":0,"ocean_menu_typo_line_height_unit":"","ocean_menu_typo_spacing":0,"ocean_menu_typo_spacing_tablet":0,"ocean_menu_typo_spacing_mobile":0,"ocean_menu_typo_spacing_unit":"","ocean_menu_link_color":"","ocean_menu_link_color_hover":"","ocean_menu_link_color_active":"","ocean_menu_link_background":"","ocean_menu_link_hover_background":"","ocean_menu_link_active_background":"","ocean_menu_social_links_bg":"","ocean_menu_social_hover_links_bg":"","ocean_menu_social_links_color":"","ocean_menu_social_hover_links_color":"","ocean_disable_title":"default","ocean_disable_heading":"default","ocean_post_title":"","ocean_post_subheading":"","ocean_post_title_style":"","ocean_post_title_background_color":"","ocean_post_title_background":0,"ocean_post_title_bg_image_position":"","ocean_post_title_bg_image_attachment":"","ocean_post_title_bg_image_repeat":"","ocean_post_title_bg_image_size":"","ocean_post_title_height":0,"ocean_post_title_bg_overlay":0.5,"ocean_post_title_bg_overlay_color":"","ocean_disable_breadcrumbs":"default","ocean_breadcrumbs_color":"","ocean_breadcrumbs_separator_color":"","ocean_breadcrumbs_links_color":"","ocean_breadcrumbs_links_hover_color":"","ocean_display_footer_widgets":"default","ocean_display_footer_bottom":"default","ocean_custom_footer_template":"","footnotes":""},"class_list":["post-13","page","type-page","status-publish","hentry","entry"],"_links":{"self":[{"href":"https:\/\/www.taus-automaten.de\/index.php?rest_route=\/wp\/v2\/pages\/13","targetHints":{"allow":["GET"]}}],"collection":[{"href":"https:\/\/www.taus-automaten.de\/index.php?rest_route=\/wp\/v2\/pages"}],"about":[{"href":"https:\/\/www.taus-automaten.de\/index.php?rest_route=\/wp\/v2\/types\/page"}],"author":[{"embeddable":true,"href":"https:\/\/www.taus-automaten.de\/index.php?rest_route=\/wp\/v2\/users\/1"}],"replies":[{"embeddable":true,"href":"https:\/\/www.taus-automaten.de\/index.php?rest_route=%2Fwp%2Fv2%2Fcomments&post=13"}],"version-history":[{"count":23,"href":"https:\/\/www.taus-automaten.de\/index.php?rest_route=\/wp\/v2\/pages\/13\/revisions"}],"predecessor-version":[{"id":74,"href":"https:\/\/www.taus-automaten.de\/index.php?rest_route=\/wp\/v2\/pages\/13\/revisions\/74"}],"wp:attachment":[{"href":"https:\/\/www.taus-automaten.de\/index.php?rest_route=%2Fwp%2Fv2%2Fmedia&parent=13"}],"curies":[{"name":"wp","href":"https:\/\/api.w.org\/{rel}","templated":true}]}}